{"id":3,"date":"2023-06-04T20:15:17","date_gmt":"2023-06-05T01:15:17","guid":{"rendered":"http:\/\/lionfishscuba.com\/?page_id=3"},"modified":"2023-06-20T13:16:38","modified_gmt":"2023-06-20T18:16:38","slug":"politica-privacidad","status":"publish","type":"page","link":"https:\/\/lionfishscuba.com\/en\/politica-privacidad\/","title":{"rendered":"Privacy Policy"},"content":{"rendered":"<div data-elementor-type=\"wp-page\" data-elementor-id=\"3\" class=\"elementor elementor-3\" data-elementor-post-type=\"page\">\n\t\t\t\t\t\t<section class=\"elementor-section elementor-top-section elementor-element elementor-element-12a30ce elementor-section-boxed elementor-section-height-default elementor-section-height-default elementor-invisible\" data-id=\"12a30ce\" data-element_type=\"section\" data-settings=\"{&quot;animation&quot;:&quot;fadeIn&quot;}\">\n\t\t\t\t\t\t<div class=\"elementor-container elementor-column-gap-default\">\n\t\t\t\t\t<div class=\"elementor-column elementor-col-100 elementor-top-column elementor-element elementor-element-5fa35928\" data-id=\"5fa35928\" data-element_type=\"column\">\n\t\t\t<div class=\"elementor-widget-wrap elementor-element-populated\">\n\t\t\t\t\t\t<div class=\"elementor-element elementor-element-57d28cc elementor-widget elementor-widget-spacer\" data-id=\"57d28cc\" data-element_type=\"widget\" data-widget_type=\"spacer.default\">\n\t\t\t\t<div class=\"elementor-widget-container\">\n\t\t\t\t\t\t\t<div class=\"elementor-spacer\">\n\t\t\t<div class=\"elementor-spacer-inner\"><\/div>\n\t\t<\/div>\n\t\t\t\t\t\t<\/div>\n\t\t\t\t<\/div>\n\t\t\t\t<div class=\"elementor-element elementor-element-4a50990e elementor-widget elementor-widget-text-editor\" data-id=\"4a50990e\" data-element_type=\"widget\" data-widget_type=\"text-editor.default\">\n\t\t\t\t<div class=\"elementor-widget-container\">\n\t\t\t\t\t\t\t\t\t\n<p><strong>About us<\/strong><\/p>\n\n<p>Our website address is: <a href=\"https:\/\/lionfishscuba.com\/\">https:\/\/lionfishscuba.com<\/a>.<\/p>\n\n<p><strong>Comments<\/strong><\/p>\n\n<p>When visitors leave comments on the site we collect the data displayed in the comment form, as well as the visitor's IP address and browser user agent string to aid spam detection.<\/p>\n\n<p>An anonymous string created from your email address (also called a hash) can be provided to the gravatar service to see if you are using it. The privacy policy for the Gravatar service is available here: https:\/\/automattic.com\/privacy\/. After approval of your comment, your profile image will be visible to the public in the context of your comment.<\/p>\n\n<p><strong>Media<\/strong><\/p>\n\n<p>If you upload images to the website, you should avoid uploading images with embedded location data (EXIF GPS). Website visitors can download and extract location data from images on the website.<\/p>\n\n<p><strong>Cookies<\/strong><\/p>\n\n<p>If you leave a comment on our site, you can choose to save your name, email address and website in cookies. These are for your convenience and you do not have to fill in your information again when you leave another comment. These cookies will last for one year.<\/p>\n\n<p>If you visit our Access page, a temporary cookie will be installed to determine if your browser accepts cookies. This cookie does not contain personal data and is deleted when you close the browser.<\/p>\n\n<p>When you log in, various cookies will be installed to save your login information and screen display options. Access cookies will remain for two days and screen options cookies will be stored for one year. If you select \"Remember me\" at your login, these will be saved for two weeks. If you log out of your account, the access cookies will be removed.<\/p>\n\n<p>If you edit or publish an article, an additional cookie will be stored in your browser. This cookie does not include personal data and simply indicates the ID of the article you just edited. Expires after 1 day.<\/p>\n\n<p><strong>Embedded content from other websites<\/strong><\/p>\n\n<p>Articles on this site may include embedded content (eg, videos, images, articles, etc.). Embedded content from other websites behaves in exactly the same way as if the visitor had visited the other website.<\/p>\n\n<p>These websites may collect data about you, use cookies, embed additional third-party tracking, and monitor your interaction with that embedded content, including tracking your interaction with embedded content if you have an account and are logged in to that website.<\/p>\n\n<p><strong>With whom we share your data<\/strong><\/p>\n\n<p>If you request a password reset, your IP address will be included in the reset email.<\/p>\n\n<p><strong>How long we keep your data<\/strong><\/p>\n\n<p>If you leave a comment, the comment and its metadata are retained indefinitely. This is so we can automatically recognize and approve any follow-up comments instead of keeping them in a moderation queue.<\/p>\n\n<p>For users who register on our website (if any), all their personal information data they provide will be stored. Any user can view, edit or delete their personal information at any time (with the exception of the user name which cannot be edited). Website administrators can also view and edit such information.<\/p>\n\n<p><strong>What rights do you have over your data?<\/strong><\/p>\n\n<p>If you have an account on this site, or have left comments, you can request the export of a file with your collected personal data, including any other data you have provided to us. You can also request the deletion of any personal data we hold about you. This does not include data that we are obliged to keep for administrative, legal or security purposes.<\/p>\n\n<p><strong>Where your data is sent<\/strong><\/p>\n\n<p>Visitor comments may be validated by an automated spam detection service.<\/p>\n\t\t\t\t\t\t\t\t<\/div>\n\t\t\t\t<\/div>\n\t\t\t\t<div class=\"elementor-element elementor-element-8139b07 elementor-widget elementor-widget-spacer\" data-id=\"8139b07\" data-element_type=\"widget\" data-widget_type=\"spacer.default\">\n\t\t\t\t<div class=\"elementor-widget-container\">\n\t\t\t\t\t\t\t<div class=\"elementor-spacer\">\n\t\t\t<div class=\"elementor-spacer-inner\"><\/div>\n\t\t<\/div>\n\t\t\t\t\t\t<\/div>\n\t\t\t\t<\/div>\n\t\t\t\t\t<\/div>\n\t\t<\/div>\n\t\t\t\t\t<\/div>\n\t\t<\/section>\n\t\t\t\t<\/div>","protected":false},"excerpt":{"rendered":"<p>Qui\u00e9nes somos Nuestra direcci\u00f3n de sitio web es: https:\/\/lionfishscuba.com. Comentarios Cuando los visitantes dejan comentarios en el sitio recopilamos los datos mostrados en el formulario de comentarios, y tambi\u00e9n la direcci\u00f3n IP del visitante y la cadena del agente de usuario del navegador para ayudar a la detecci\u00f3n de spam. Se puede proporcionar una cadena [&hellip;]<\/p>","protected":false},"author":1,"featured_media":0,"parent":0,"menu_order":0,"comment_status":"closed","ping_status":"open","template":"","meta":{"site-sidebar-layout":"default","site-content-layout":"","ast-site-content-layout":"default","site-content-style":"default","site-sidebar-style":"default","ast-global-header-display":"","ast-banner-title-visibility":"","ast-main-header-display":"","ast-hfb-above-header-display":"","ast-hfb-below-header-display":"","ast-hfb-mobile-header-display":"","site-post-title":"","ast-breadcrumbs-content":"","ast-featured-img":"","footer-sml-layout":"","ast-disable-related-posts":"","theme-transparent-header-meta":"","adv-header-id-meta":"","stick-header-meta":"","header-above-stick-meta":"","header-main-stick-meta":"","header-below-stick-meta":"","astra-migrate-meta-layouts":"default","ast-page-background-enabled":"default","ast-page-background-meta":{"desktop":{"background-color":"var(--ast-global-color-4)","background-image":"","background-repeat":"repeat","background-position":"center center","background-size":"auto","background-attachment":"scroll","background-type":"","background-media":"","overlay-type":"","overlay-color":"","overlay-opacity":"","overlay-gradient":""},"tablet":{"background-color":"","background-image":"","background-repeat":"repeat","background-position":"center center","background-size":"auto","background-attachment":"scroll","background-type":"","background-media":"","overlay-type":"","overlay-color":"","overlay-opacity":"","overlay-gradient":""},"mobile":{"background-color":"","background-image":"","background-repeat":"repeat","background-position":"center center","background-size":"auto","background-attachment":"scroll","background-type":"","background-media":"","overlay-type":"","overlay-color":"","overlay-opacity":"","overlay-gradient":""}},"ast-content-background-meta":{"desktop":{"background-color":"var(--ast-global-color-5)","background-image":"","background-repeat":"repeat","background-position":"center center","background-size":"auto","background-attachment":"scroll","background-type":"","background-media":"","overlay-type":"","overlay-color":"","overlay-opacity":"","overlay-gradient":""},"tablet":{"background-color":"var(--ast-global-color-5)","background-image":"","background-repeat":"repeat","background-position":"center center","background-size":"auto","background-attachment":"scroll","background-type":"","background-media":"","overlay-type":"","overlay-color":"","overlay-opacity":"","overlay-gradient":""},"mobile":{"background-color":"var(--ast-global-color-5)","background-image":"","background-repeat":"repeat","background-position":"center center","background-size":"auto","background-attachment":"scroll","background-type":"","background-media":"","overlay-type":"","overlay-color":"","overlay-opacity":"","overlay-gradient":""}},"_joinchat":[],"footnotes":""},"class_list":["post-3","page","type-page","status-publish","hentry"],"jetpack_sharing_enabled":true,"_links":{"self":[{"href":"https:\/\/lionfishscuba.com\/en\/wp-json\/wp\/v2\/pages\/3","targetHints":{"allow":["GET"]}}],"collection":[{"href":"https:\/\/lionfishscuba.com\/en\/wp-json\/wp\/v2\/pages"}],"about":[{"href":"https:\/\/lionfishscuba.com\/en\/wp-json\/wp\/v2\/types\/page"}],"author":[{"embeddable":true,"href":"https:\/\/lionfishscuba.com\/en\/wp-json\/wp\/v2\/users\/1"}],"replies":[{"embeddable":true,"href":"https:\/\/lionfishscuba.com\/en\/wp-json\/wp\/v2\/comments?post=3"}],"version-history":[{"count":12,"href":"https:\/\/lionfishscuba.com\/en\/wp-json\/wp\/v2\/pages\/3\/revisions"}],"predecessor-version":[{"id":956,"href":"https:\/\/lionfishscuba.com\/en\/wp-json\/wp\/v2\/pages\/3\/revisions\/956"}],"wp:attachment":[{"href":"https:\/\/lionfishscuba.com\/en\/wp-json\/wp\/v2\/media?parent=3"}],"curies":[{"name":"wp","href":"https:\/\/api.w.org\/{rel}","templated":true}]}}