{"id":553,"date":"2023-06-19T19:38:09","date_gmt":"2023-06-20T00:38:09","guid":{"rendered":"https:\/\/lionfishscuba.com\/?page_id=553"},"modified":"2025-03-19T20:57:09","modified_gmt":"2025-03-20T01:57:09","slug":"naui","status":"publish","type":"page","link":"https:\/\/lionfishscuba.com\/en\/naui\/","title":{"rendered":"NAUI Certification"},"content":{"rendered":"<div data-elementor-type=\"wp-page\" data-elementor-id=\"553\" class=\"elementor elementor-553\" data-elementor-post-type=\"page\">\n\t\t\t\t\t\t<section class=\"elementor-section elementor-top-section elementor-element elementor-element-73dc248 elementor-section-boxed elementor-section-height-default elementor-section-height-default elementor-invisible\" data-id=\"73dc248\" data-element_type=\"section\" data-settings=\"{&quot;animation&quot;:&quot;fadeInUp&quot;}\">\n\t\t\t\t\t\t<div class=\"elementor-container elementor-column-gap-default\">\n\t\t\t\t\t<div class=\"elementor-column elementor-col-100 elementor-top-column elementor-element elementor-element-713daed\" data-id=\"713daed\" data-element_type=\"column\">\n\t\t\t<div class=\"elementor-widget-wrap elementor-element-populated\">\n\t\t\t\t\t\t<div class=\"elementor-element elementor-element-9705cc9 elementor-widget elementor-widget-spacer\" data-id=\"9705cc9\" data-element_type=\"widget\" data-widget_type=\"spacer.default\">\n\t\t\t\t<div class=\"elementor-widget-container\">\n\t\t\t\t\t\t\t<div class=\"elementor-spacer\">\n\t\t\t<div class=\"elementor-spacer-inner\"><\/div>\n\t\t<\/div>\n\t\t\t\t\t\t<\/div>\n\t\t\t\t<\/div>\n\t\t\t\t<section class=\"elementor-section elementor-inner-section elementor-element elementor-element-62f293f elementor-section-boxed elementor-section-height-default elementor-section-height-default\" data-id=\"62f293f\" data-element_type=\"section\">\n\t\t\t\t\t\t<div class=\"elementor-container elementor-column-gap-default\">\n\t\t\t\t\t<div class=\"elementor-column elementor-col-100 elementor-inner-column elementor-element elementor-element-b84df8a\" data-id=\"b84df8a\" data-element_type=\"column\">\n\t\t\t<div class=\"elementor-widget-wrap elementor-element-populated\">\n\t\t\t\t\t\t<div class=\"elementor-element elementor-element-9b223c6 elementor-widget elementor-widget-image\" data-id=\"9b223c6\" data-element_type=\"widget\" data-widget_type=\"image.default\">\n\t\t\t\t<div class=\"elementor-widget-container\">\n\t\t\t\t\t\t\t\t\t\t\t\t\t\t\t<img fetchpriority=\"high\" decoding=\"async\" width=\"1024\" height=\"504\" src=\"https:\/\/lionfishscuba.com\/wp-content\/uploads\/2023\/06\/naui4-1024x504.jpg\" class=\"attachment-large size-large wp-image-598\" alt=\"NAUI\" srcset=\"https:\/\/lionfishscuba.com\/wp-content\/uploads\/2023\/06\/naui4-1024x504.jpg 1024w, https:\/\/lionfishscuba.com\/wp-content\/uploads\/2023\/06\/naui4-300x148.jpg 300w, https:\/\/lionfishscuba.com\/wp-content\/uploads\/2023\/06\/naui4-768x378.jpg 768w, https:\/\/lionfishscuba.com\/wp-content\/uploads\/2023\/06\/naui4-1536x756.jpg 1536w, https:\/\/lionfishscuba.com\/wp-content\/uploads\/2023\/06\/naui4-600x295.jpg 600w, https:\/\/lionfishscuba.com\/wp-content\/uploads\/2023\/06\/naui4.jpg 2000w\" sizes=\"(max-width: 1024px) 100vw, 1024px\" title=\"\">\t\t\t\t\t\t\t\t\t\t\t\t\t\t\t<\/div>\n\t\t\t\t<\/div>\n\t\t\t\t<div class=\"elementor-element elementor-element-84873f2 elementor-widget elementor-widget-text-editor\" data-id=\"84873f2\" data-element_type=\"widget\" data-widget_type=\"text-editor.default\">\n\t\t\t\t<div class=\"elementor-widget-container\">\n\t\t\t\t\t\t\t\t\t<p>The International NAUI Certification is widely recognized in the diving industry and will open doors to exciting diving opportunities worldwide. You can explore the seas and oceans with confidence, knowing that your NAUI certification is respected and valued by diving professionals globally.<\/p><p>At LIONFISH SCUBA, we strive to provide you with an exceptional learning experience and high-quality training backed by the International NAUI Certification. Trust us to guide your path to underwater exploration and enjoy the confidence and recognition that a NAUI certification brings.<\/p><p>Our diving courses are endorsed by an organization recognized internationally for its high standards of safety, quality, and excellence in diver training. Our NAUI-certified instructors will provide you with an exceptional learning experience and guide you at every stage of your journey to becoming a certified diver.<\/p><p>Join us at LIONFISH SCUBA and start your diving journey with a globally renowned NAUI certification! Contact us today for more information and to book your diving course with us.<\/p>\t\t\t\t\t\t\t\t<\/div>\n\t\t\t\t<\/div>\n\t\t\t\t<div class=\"elementor-element elementor-element-de9fc49 elementor-widget elementor-widget-heading\" data-id=\"de9fc49\" data-element_type=\"widget\" data-widget_type=\"heading.default\">\n\t\t\t\t<div class=\"elementor-widget-container\">\n\t\t\t\t\t<span class=\"elementor-heading-title elementor-size-default\"><a href=\"https:\/\/www.naui.org\/\" target=\"_blank\" rel=\"nofollow noopener\">naui.org<\/a><\/span>\t\t\t\t<\/div>\n\t\t\t\t<\/div>\n\t\t\t\t\t<\/div>\n\t\t<\/div>\n\t\t\t\t\t<\/div>\n\t\t<\/section>\n\t\t\t\t<div class=\"elementor-element elementor-element-ecdc73e elementor-widget elementor-widget-spacer\" data-id=\"ecdc73e\" data-element_type=\"widget\" data-widget_type=\"spacer.default\">\n\t\t\t\t<div class=\"elementor-widget-container\">\n\t\t\t\t\t\t\t<div class=\"elementor-spacer\">\n\t\t\t<div class=\"elementor-spacer-inner\"><\/div>\n\t\t<\/div>\n\t\t\t\t\t\t<\/div>\n\t\t\t\t<\/div>\n\t\t\t\t\t<\/div>\n\t\t<\/div>\n\t\t\t\t\t<\/div>\n\t\t<\/section>\n\t\t\t\t<\/div>","protected":false},"excerpt":{"rendered":"<p>La Certificaci\u00f3n Internacional NAUI es ampliamente reconocida en la industria del buceo y te abrir\u00e1 las puertas a emocionantes oportunidades de buceo en todo el mundo. Podr\u00e1s explorar los mares y oc\u00e9anos con confianza, sabiendo que tu certificaci\u00f3n NAUI es respetada y valorada por profesionales del buceo en todo el globo. En LIONFISH SCUBA, nos [&hellip;]<\/p>","protected":false},"author":1,"featured_media":555,"parent":0,"menu_order":0,"comment_status":"closed","ping_status":"closed","template":"","meta":{"site-sidebar-layout":"no-sidebar","site-content-layout":"page-builder","ast-site-content-layout":"full-width-container","site-content-style":"unboxed","site-sidebar-style":"unboxed","ast-global-header-display":"","ast-banner-title-visibility":"","ast-main-header-display":"","ast-hfb-above-header-display":"","ast-hfb-below-header-display":"","ast-hfb-mobile-header-display":"","site-post-title":"disabled","ast-breadcrumbs-content":"","ast-featured-img":"disabled","footer-sml-layout":"","ast-disable-related-posts":"","theme-transparent-header-meta":"","adv-header-id-meta":"","stick-header-meta":"","header-above-stick-meta":"","header-main-stick-meta":"","header-below-stick-meta":"","astra-migrate-meta-layouts":"set","ast-page-background-enabled":"default","ast-page-background-meta":{"desktop":{"background-color":"var(--ast-global-color-4)","background-image":"","background-repeat":"repeat","background-position":"center center","background-size":"auto","background-attachment":"scroll","background-type":"","background-media":"","overlay-type":"","overlay-color":"","overlay-opacity":"","overlay-gradient":""},"tablet":{"background-color":"","background-image":"","background-repeat":"repeat","background-position":"center center","background-size":"auto","background-attachment":"scroll","background-type":"","background-media":"","overlay-type":"","overlay-color":"","overlay-opacity":"","overlay-gradient":""},"mobile":{"background-color":"","background-image":"","background-repeat":"repeat","background-position":"center center","background-size":"auto","background-attachment":"scroll","background-type":"","background-media":"","overlay-type":"","overlay-color":"","overlay-opacity":"","overlay-gradient":""}},"ast-content-background-meta":{"desktop":{"background-color":"var(--ast-global-color-5)","background-image":"","background-repeat":"repeat","background-position":"center center","background-size":"auto","background-attachment":"scroll","background-type":"","background-media":"","overlay-type":"","overlay-color":"","overlay-opacity":"","overlay-gradient":""},"tablet":{"background-color":"var(--ast-global-color-5)","background-image":"","background-repeat":"repeat","background-position":"center center","background-size":"auto","background-attachment":"scroll","background-type":"","background-media":"","overlay-type":"","overlay-color":"","overlay-opacity":"","overlay-gradient":""},"mobile":{"background-color":"var(--ast-global-color-5)","background-image":"","background-repeat":"repeat","background-position":"center center","background-size":"auto","background-attachment":"scroll","background-type":"","background-media":"","overlay-type":"","overlay-color":"","overlay-opacity":"","overlay-gradient":""}},"_joinchat":[],"footnotes":""},"class_list":["post-553","page","type-page","status-publish","has-post-thumbnail","hentry"],"jetpack_sharing_enabled":true,"_links":{"self":[{"href":"https:\/\/lionfishscuba.com\/en\/wp-json\/wp\/v2\/pages\/553","targetHints":{"allow":["GET"]}}],"collection":[{"href":"https:\/\/lionfishscuba.com\/en\/wp-json\/wp\/v2\/pages"}],"about":[{"href":"https:\/\/lionfishscuba.com\/en\/wp-json\/wp\/v2\/types\/page"}],"author":[{"embeddable":true,"href":"https:\/\/lionfishscuba.com\/en\/wp-json\/wp\/v2\/users\/1"}],"replies":[{"embeddable":true,"href":"https:\/\/lionfishscuba.com\/en\/wp-json\/wp\/v2\/comments?post=553"}],"version-history":[{"count":58,"href":"https:\/\/lionfishscuba.com\/en\/wp-json\/wp\/v2\/pages\/553\/revisions"}],"predecessor-version":[{"id":1518,"href":"https:\/\/lionfishscuba.com\/en\/wp-json\/wp\/v2\/pages\/553\/revisions\/1518"}],"wp:featuredmedia":[{"embeddable":true,"href":"https:\/\/lionfishscuba.com\/en\/wp-json\/wp\/v2\/media\/555"}],"wp:attachment":[{"href":"https:\/\/lionfishscuba.com\/en\/wp-json\/wp\/v2\/media?parent=553"}],"curies":[{"name":"wp","href":"https:\/\/api.w.org\/{rel}","templated":true}]}}