{"id":1093,"date":"2023-06-21T12:54:15","date_gmt":"2023-06-21T17:54:15","guid":{"rendered":"https:\/\/lionfishscuba.com\/?post_type=product&#038;p=1093"},"modified":"2023-06-21T12:54:15","modified_gmt":"2023-06-21T17:54:15","slug":"fotografias","status":"publish","type":"product","link":"https:\/\/lionfishscuba.com\/en\/product\/fotografias\/","title":{"rendered":"Photographs"},"content":{"rendered":"<p>La especialidad de Fotograf\u00eda subacu\u00e1tica te sumerge en el fascinante mundo de capturar im\u00e1genes bajo el agua. Aprende t\u00e9cnicas avanzadas de fotograf\u00eda submarina, desde el manejo de la c\u00e1mara y la iluminaci\u00f3n adecuada hasta la composici\u00f3n y edici\u00f3n de im\u00e1genes. Descubre c\u00f3mo capturar la belleza y la vida marina en impresionantes fotograf\u00edas subacu\u00e1ticas.<\/p>\n<p>Durante este curso, te familiarizar\u00e1s con el equipo especializado de fotograf\u00eda submarina, como c\u00e1maras, carcasas y accesorios, y aprender\u00e1s a utilizarlos de manera efectiva en diferentes entornos acu\u00e1ticos. Tambi\u00e9n adquirir\u00e1s conocimientos sobre la elecci\u00f3n de sujetos, la configuraci\u00f3n de la c\u00e1mara, la correcta exposici\u00f3n y el manejo de la iluminaci\u00f3n bajo el agua.<\/p>\n<p>La certificaci\u00f3n de especialidad de Fotograf\u00eda subacu\u00e1tica te permitir\u00e1 capturar momentos inolvidables y compartir la belleza del mundo submarino con los dem\u00e1s. Aprender\u00e1s a transmitir emociones a trav\u00e9s de tus im\u00e1genes y a crear impacto visual con tus fotograf\u00edas.<\/p>\n<p>\u00danete a nosotros en Lionfish Scuba y sum\u00e9rgete en el arte de la fotograf\u00eda submarina. Descubre un nuevo nivel de creatividad mientras exploras los oc\u00e9anos y capturas la esencia de la vida marina en tus im\u00e1genes.<\/p>\n<p>Obt\u00e9n la certificaci\u00f3n de especialidad de Fotograf\u00eda subacu\u00e1tica y convi\u00e9rtete en un fot\u00f3grafo subacu\u00e1tico experto.<\/p>\n<p><strong>\u00a1Prep\u00e1rate para capturar momentos incre\u00edbles y compartir la magia del mundo submarino!<\/strong><\/p>","protected":false},"excerpt":{"rendered":"<p>The Underwater Photography specialty allows you to capture the beauty of the underwater world through your images. Learn photography techniques and use of specialized equipment to achieve impressive underwater photos.<\/p>","protected":false},"featured_media":695,"comment_status":"open","ping_status":"closed","template":"","meta":{"site-sidebar-layout":"default","site-content-layout":"default","ast-site-content-layout":"default","site-content-style":"default","site-sidebar-style":"default","ast-global-header-display":"","ast-banner-title-visibility":"","ast-main-header-display":"","ast-hfb-above-header-display":"","ast-hfb-below-header-display":"","ast-hfb-mobile-header-display":"","site-post-title":"","ast-breadcrumbs-content":"","ast-featured-img":"","footer-sml-layout":"","ast-disable-related-posts":"","theme-transparent-header-meta":"default","adv-header-id-meta":"","stick-header-meta":"","header-above-stick-meta":"","header-main-stick-meta":"","header-below-stick-meta":"","astra-migrate-meta-layouts":"default","ast-page-background-enabled":"default","ast-page-background-meta":{"desktop":{"background-color":"var(--ast-global-color-4)","background-image":"","background-repeat":"repeat","background-position":"center center","background-size":"auto","background-attachment":"scroll","background-type":"","background-media":"","overlay-type":"","overlay-color":"","overlay-opacity":"","overlay-gradient":""},"tablet":{"background-color":"","background-image":"","background-repeat":"repeat","background-position":"center center","background-size":"auto","background-attachment":"scroll","background-type":"","background-media":"","overlay-type":"","overlay-color":"","overlay-opacity":"","overlay-gradient":""},"mobile":{"background-color":"","background-image":"","background-repeat":"repeat","background-position":"center center","background-size":"auto","background-attachment":"scroll","background-type":"","background-media":"","overlay-type":"","overlay-color":"","overlay-opacity":"","overlay-gradient":""}},"ast-content-background-meta":{"desktop":{"background-color":"var(--ast-global-color-5)","background-image":"","background-repeat":"repeat","background-position":"center center","background-size":"auto","background-attachment":"scroll","background-type":"","background-media":"","overlay-type":"","overlay-color":"","overlay-opacity":"","overlay-gradient":""},"tablet":{"background-color":"var(--ast-global-color-5)","background-image":"","background-repeat":"repeat","background-position":"center center","background-size":"auto","background-attachment":"scroll","background-type":"","background-media":"","overlay-type":"","overlay-color":"","overlay-opacity":"","overlay-gradient":""},"mobile":{"background-color":"var(--ast-global-color-5)","background-image":"","background-repeat":"repeat","background-position":"center center","background-size":"auto","background-attachment":"scroll","background-type":"","background-media":"","overlay-type":"","overlay-color":"","overlay-opacity":"","overlay-gradient":""}},"_joinchat":[]},"product_brand":[],"product_cat":[36],"product_tag":[],"class_list":{"0":"post-1093","1":"product","2":"type-product","3":"status-publish","4":"has-post-thumbnail","6":"product_cat-especialidades","7":"desktop-align-left","8":"tablet-align-left","9":"mobile-align-left","11":"first","12":"instock","13":"virtual","14":"purchasable","15":"product-type-simple"},"jetpack_sharing_enabled":true,"_links":{"self":[{"href":"https:\/\/lionfishscuba.com\/en\/wp-json\/wp\/v2\/product\/1093","targetHints":{"allow":["GET"]}}],"collection":[{"href":"https:\/\/lionfishscuba.com\/en\/wp-json\/wp\/v2\/product"}],"about":[{"href":"https:\/\/lionfishscuba.com\/en\/wp-json\/wp\/v2\/types\/product"}],"replies":[{"embeddable":true,"href":"https:\/\/lionfishscuba.com\/en\/wp-json\/wp\/v2\/comments?post=1093"}],"wp:featuredmedia":[{"embeddable":true,"href":"https:\/\/lionfishscuba.com\/en\/wp-json\/wp\/v2\/media\/695"}],"wp:attachment":[{"href":"https:\/\/lionfishscuba.com\/en\/wp-json\/wp\/v2\/media?parent=1093"}],"wp:term":[{"taxonomy":"product_brand","embeddable":true,"href":"https:\/\/lionfishscuba.com\/en\/wp-json\/wp\/v2\/product_brand?post=1093"},{"taxonomy":"product_cat","embeddable":true,"href":"https:\/\/lionfishscuba.com\/en\/wp-json\/wp\/v2\/product_cat?post=1093"},{"taxonomy":"product_tag","embeddable":true,"href":"https:\/\/lionfishscuba.com\/en\/wp-json\/wp\/v2\/product_tag?post=1093"}],"curies":[{"name":"wp","href":"https:\/\/api.w.org\/{rel}","templated":true}]}}